{"id":4853,"date":"2024-03-06T13:28:46","date_gmt":"2024-03-06T12:28:46","guid":{"rendered":"https:\/\/www3.hs-albsig.de\/wordpress\/point2pointmotion\/?page_id=4853"},"modified":"2024-03-06T13:28:48","modified_gmt":"2024-03-06T12:28:48","slug":"safety-engineering","status":"publish","type":"page","link":"https:\/\/www3.hs-albsig.de\/wordpress\/point2pointmotion\/safety-engineering\/","title":{"rendered":"Safety Engineering"},"content":{"rendered":"\n<p>Viele Entwicklungen f\u00fchren immer wieder zu Sicherheitsproblemen. In manchen F\u00e4llen kommen aus ihnen Ungl\u00fccke hervor. Ein Buch f\u00fcr jede angehende Ingenieurin und Ingenieur, die nicht gleich mit Normen konfrontiert werden wollen (auch wenn diese im Buch behandelt werden), sondern Beispiele in die Hand bekommen wollen. Durch den R\u00fcckblick auf die Vergangenheit soll eine Sensibilisierung in dieses wichtige Thema erreicht werden.<\/p>\n\n\n\n<p>Der Inhalt des Buchs ist Bestandteil der Vorlesung Betriebssicherheit der Informatik an der Hochschule Albstadt-Sigmaringen. Sie wird im vierten Semester gehalten. Zum Verst\u00e4ndnis helfen Kenntnisse der Mathematik f\u00fcr Ingenieure.<\/p>\n\n\n\n<figure class=\"wp-block-image size-full is-resized\"><img loading=\"lazy\" decoding=\"async\" width=\"1123\" height=\"1620\" src=\"https:\/\/www3.hs-albsig.de\/wordpress\/point2pointmotion\/files\/2024\/03\/Buch-Safety-1.png\" alt=\"\" class=\"wp-image-4852\" style=\"width:471px;height:auto\" srcset=\"https:\/\/www3.hs-albsig.de\/wordpress\/point2pointmotion\/files\/2024\/03\/Buch-Safety-1.png 1123w, https:\/\/www3.hs-albsig.de\/wordpress\/point2pointmotion\/files\/2024\/03\/Buch-Safety-1-208x300.png 208w, https:\/\/www3.hs-albsig.de\/wordpress\/point2pointmotion\/files\/2024\/03\/Buch-Safety-1-710x1024.png 710w, https:\/\/www3.hs-albsig.de\/wordpress\/point2pointmotion\/files\/2024\/03\/Buch-Safety-1-768x1108.png 768w, https:\/\/www3.hs-albsig.de\/wordpress\/point2pointmotion\/files\/2024\/03\/Buch-Safety-1-1065x1536.png 1065w\" sizes=\"auto, (max-width: 1123px) 100vw, 1123px\" \/><\/figure>\n\n\n\n<p>Das Buch ist erh\u00e4ltlich in den entsprechen Buchhandelsportalen oder direkt beim Verlag. Die Bibliothek der Hochschule Albstadt-Sigmaringen stellt mehrere Exemplare zum Ausleihen zur Verf\u00fcgung.<\/p>\n\n\n\n<p>Safety Engineering<br>Derk Rembold<br>ISBN 978-3-8362-9928-2<br>Rheinwerk Verlag<\/p>\n\n\n\n<p><\/p>\n","protected":false},"excerpt":{"rendered":"<p>Viele Entwicklungen f\u00fchren immer wieder zu Sicherheitsproblemen. In manchen F\u00e4llen kommen aus ihnen Ungl\u00fccke hervor. Ein Buch f\u00fcr jede angehende Ingenieurin und Ingenieur, die nicht gleich mit Normen konfrontiert werden wollen (auch wenn diese im Buch behandelt werden), sondern Beispiele in die Hand bekommen wollen. Durch den R\u00fcckblick auf die Vergangenheit soll eine Sensibilisierung in &hellip; <a href=\"https:\/\/www3.hs-albsig.de\/wordpress\/point2pointmotion\/safety-engineering\/\" class=\"more-link\">Continue reading <span class=\"screen-reader-text\">Safety Engineering<\/span><\/a><\/p>\n","protected":false},"author":24,"featured_media":0,"parent":0,"menu_order":0,"comment_status":"closed","ping_status":"closed","template":"","meta":{"footnotes":""},"class_list":["post-4853","page","type-page","status-publish","hentry"],"_links":{"self":[{"href":"https:\/\/www3.hs-albsig.de\/wordpress\/point2pointmotion\/wp-json\/wp\/v2\/pages\/4853","targetHints":{"allow":["GET"]}}],"collection":[{"href":"https:\/\/www3.hs-albsig.de\/wordpress\/point2pointmotion\/wp-json\/wp\/v2\/pages"}],"about":[{"href":"https:\/\/www3.hs-albsig.de\/wordpress\/point2pointmotion\/wp-json\/wp\/v2\/types\/page"}],"author":[{"embeddable":true,"href":"https:\/\/www3.hs-albsig.de\/wordpress\/point2pointmotion\/wp-json\/wp\/v2\/users\/24"}],"replies":[{"embeddable":true,"href":"https:\/\/www3.hs-albsig.de\/wordpress\/point2pointmotion\/wp-json\/wp\/v2\/comments?post=4853"}],"version-history":[{"count":11,"href":"https:\/\/www3.hs-albsig.de\/wordpress\/point2pointmotion\/wp-json\/wp\/v2\/pages\/4853\/revisions"}],"predecessor-version":[{"id":4864,"href":"https:\/\/www3.hs-albsig.de\/wordpress\/point2pointmotion\/wp-json\/wp\/v2\/pages\/4853\/revisions\/4864"}],"wp:attachment":[{"href":"https:\/\/www3.hs-albsig.de\/wordpress\/point2pointmotion\/wp-json\/wp\/v2\/media?parent=4853"}],"curies":[{"name":"wp","href":"https:\/\/api.w.org\/{rel}","templated":true}]}}